{"id":4981,"date":"2014-03-26T10:34:48","date_gmt":"2014-03-26T01:34:48","guid":{"rendered":"http:\/\/www.kobe.ywca.or.jp\/top\/?page_id=4981"},"modified":"2021-03-23T10:53:02","modified_gmt":"2021-03-23T01:53:02","slug":"cristiana","status":"publish","type":"page","link":"https:\/\/www.kobe.ywca.or.jp\/top\/spanish\/college\/japones\/cristiana\/","title":{"rendered":"Clase de japon\u00e9s cristiana"},"content":{"rendered":"<p align=\"right\"><strong> <a href='https:\/\/www.kobe.ywca.or.jp\/top\/wp-content\/uploads\/2010\/09\/applicationform-JSL.pdf'>Transmite una forma del aplication<\/a><\/strong><\/p>\n<div class=\"course-menu\">\n<div id=\"photo\">\n<img src=\"https:\/\/www.kobe.ywca.or.jp\/top\/wp-content\/themes\/kobe-ywca\/img\/gakuin\/japanese\/japanese04.jpg\">\n<\/div>\n<div id=\"menu\">\n<ul>\n<li class=\"page_item page-item-4965\"><a href=\"https:\/\/www.kobe.ywca.or.jp\/top\/spanish\/college\/japones\/regular\/\">Curso regular<\/a><\/li>\n<li class=\"page_item page-item-4974\"><a href=\"https:\/\/www.kobe.ywca.or.jp\/top\/spanish\/college\/japones\/privado\/\">Privado \/ Semi-Privado<\/a><\/li>\n<li class=\"page_item page-item-4981\"><a href=\"https:\/\/www.kobe.ywca.or.jp\/top\/spanish\/college\/japones\/cristiana\/\">Clase de japon\u00e9s cristiana<\/a><\/li>\n<li class=\"page_item page-item-4992\"><a href=\"https:\/\/www.kobe.ywca.or.jp\/top\/spanish\/college\/japones\/jlpt\/\">Curso preparatorio para el Examen<br>de Aptitud del Idioma Japon\u00e9s<\/a><\/li>\n\n<\/ul>\n<\/div>\n<\/div>\n<div class=\"short-shadow\"><\/div>\n<p><a name=\"reading\"><\/a><\/p>\n<h2>Clase de Biblia (para intermedio)<\/h2>\n<p>Clase para aprender japon\u00e9s en relaci\u00f3n con el cristianismo para japon\u00e9s nivel intermedio.<br \/>\nAprender\u00e1 frases y expresiones caracter\u00edsticas de la Biblia, cultos y sermones de la iglesia que no hay en los libros de texto y lecciones de japon\u00e9s normal.<\/p>\n<p>Recomendado para:<br \/>\n-Misioneros que est\u00e1n planeando realizar trabajo misionero en la iglesia  de Jap\u00f3n<br \/>\n-Quienes van a una iglesia de Jap\u00f3n.<br \/>\n-Quienes est\u00e1n interesados en el cristianismo en Jap\u00f3n<\/p>\n<div class=\"course\">\n<div class=\"price-list\">\n<table>\n<tr>\n<td id=\"left\">Horario de clase<\/td>\n<td id=\"left\">Clase de 45 minutos \u00d7 2 veces al d\u00eda.<br \/>\nEl d\u00eda de la semana decidir\u00e1 despu\u00e9s de la consulta.<\/td>\n<\/tr>\n<tr>\n<td id=\"left\">Matr\u00edcula<br \/>\n(s\u00f3lo para la primera vez)<\/td>\n<td id=\"left\">5,500 yenes<\/td>\n<\/tr>\n<tr>\n<td id=\"left\">Costo<\/td>\n<td id=\"left\">16,500 yenes (8 veces)<\/td>\n<\/tr>\n<\/table>\n<\/div>\n<p>*Todos los costos incluyen impuesto al consumo.\n<\/p><\/div>\n<p><a name=\"reading\"><\/a><\/p>\n<h2>Correcci\u00f3n del japon\u00e9s de manuscrito para culto y serm\u00f3n<\/h2>\n<p>Lecci\u00f3n de correcci\u00f3n de manuscrito por e-mail para misionero que est\u00e1 haciendo el culto y serm\u00f3n en la iglesia de Jap\u00f3n.<\/p>\n<div class=\"course\">\n<div class=\"price-list\">\n<table>\n<tr>\n<td id=\"left\">Cuota de inscripci\u00f3n<br \/>\n(s\u00f3lo para la primera vez)<\/td>\n<td id=\"left\">5,500 yenes<br \/>\n*Para los graduados del Curso de Japon\u00e9s de la<br \/>\nAcademia YWCA Kobe se eximir\u00e1 el pago de matr\u00edcula.\n<\/td>\n<\/tr>\n<tr>\n<td id=\"left\">Costo<\/td>\n<td id=\"left\">6,600 yenes para cada manuscrito (4,400 yenes para los<br \/>\ngraduados de la Academia)\n<\/td>\n<\/tr>\n<\/table>\n<\/div>\n<p>*Todos los costos incluyen impuesto al consumo.\n<\/p><\/div>\n<!-- AddThis Advanced Settings generic via filter on the_content -->","protected":false},"excerpt":{"rendered":"<p>Transmite una forma del aplication Clase de Biblia (para intermedio) Clase para aprender japon\u00e9s en relaci\u00f3n c [&hellip;]<!-- AddThis Advanced Settings generic via filter on get_the_excerpt --><\/p>\n","protected":false},"author":1,"featured_media":0,"parent":4960,"menu_order":0,"comment_status":"closed","ping_status":"closed","template":"gakuinpage-es.php","meta":[],"_links":{"self":[{"href":"https:\/\/www.kobe.ywca.or.jp\/top\/wp-json\/wp\/v2\/pages\/4981"}],"collection":[{"href":"https:\/\/www.kobe.ywca.or.jp\/top\/wp-json\/wp\/v2\/pages"}],"about":[{"href":"https:\/\/www.kobe.ywca.or.jp\/top\/wp-json\/wp\/v2\/types\/page"}],"author":[{"embeddable":true,"href":"https:\/\/www.kobe.ywca.or.jp\/top\/wp-json\/wp\/v2\/users\/1"}],"replies":[{"embeddable":true,"href":"https:\/\/www.kobe.ywca.or.jp\/top\/wp-json\/wp\/v2\/comments?post=4981"}],"version-history":[{"count":19,"href":"https:\/\/www.kobe.ywca.or.jp\/top\/wp-json\/wp\/v2\/pages\/4981\/revisions"}],"predecessor-version":[{"id":10532,"href":"https:\/\/www.kobe.ywca.or.jp\/top\/wp-json\/wp\/v2\/pages\/4981\/revisions\/10532"}],"up":[{"embeddable":true,"href":"https:\/\/www.kobe.ywca.or.jp\/top\/wp-json\/wp\/v2\/pages\/4960"}],"wp:attachment":[{"href":"https:\/\/www.kobe.ywca.or.jp\/top\/wp-json\/wp\/v2\/media?parent=4981"}],"curies":[{"name":"wp","href":"https:\/\/api.w.org\/{rel}","templated":true}]}}