{"id":4974,"date":"2014-03-25T17:29:59","date_gmt":"2014-03-25T08:29:59","guid":{"rendered":"http:\/\/www.kobe.ywca.or.jp\/top\/?page_id=4974"},"modified":"2021-03-22T17:11:40","modified_gmt":"2021-03-22T08:11:40","slug":"privado","status":"publish","type":"page","link":"https:\/\/www.kobe.ywca.or.jp\/top\/spanish\/college\/japones\/privado\/","title":{"rendered":"Privado \/ Semi-Privado"},"content":{"rendered":"<p align=\"right\"><strong> <a href='https:\/\/www.kobe.ywca.or.jp\/top\/wp-content\/uploads\/2010\/09\/applicationform-JSL.pdf'>Transmite una forma del aplication<\/a><\/strong><\/p>\n<div class=\"course-menu\">\n<div id=\"photo\">\n<p>Puede elegir un d\u00eda de la semana que sea conveniente para usted y el horario.<br \/>\nSe establece un plan de estudios que corresponda a cada uno para que coincida con su nivel.<br \/>\nEs posible cambiar el d\u00eda de clase.<\/p>\n<p>Recomendado para:<br \/>\n-Quienes desean clases individuales<br \/>\n-Quienes desean estudiar japon\u00e9s para negocios<br \/>\n-Quienes tengan claramente lo que desea estudiar\n<\/p><\/div>\n<div id=\"menu\">\n<ul>\n<li class=\"page_item page-item-4965\"><a href=\"https:\/\/www.kobe.ywca.or.jp\/top\/spanish\/college\/japones\/regular\/\">Curso regular<\/a><\/li>\n<li class=\"page_item page-item-4974\"><a href=\"https:\/\/www.kobe.ywca.or.jp\/top\/spanish\/college\/japones\/privado\/\">Privado \/ Semi-Privado<\/a><\/li>\n<li class=\"page_item page-item-4981\"><a href=\"https:\/\/www.kobe.ywca.or.jp\/top\/spanish\/college\/japones\/cristiana\/\">Clase de japon\u00e9s cristiana<\/a><\/li>\n<li class=\"page_item page-item-4992\"><a href=\"https:\/\/www.kobe.ywca.or.jp\/top\/spanish\/college\/japones\/jlpt\/\">Curso preparatorio para el Examen<br>de Aptitud del Idioma Japon\u00e9s<\/a><\/li>\n\n<\/ul>\n<\/div>\n<\/div>\n<div class=\"course\">\nD\u00edas de la lecci\u00f3n: Lunes &#8211; S\u00e1bado<br \/>\nTiempo de lecci\u00f3n: 9:00\u301c18:00<br \/>\nNivel: principiante &#8211; avanzado<\/p>\n<hr>\n<p><strong>Clase privada<\/strong> (1 persona)<\/p>\n<div class=\"price-list\">\n<table>\n<tr>\n<td id=\"center\">Matr\u00edcula (s\u00f3lo para la primera vez)<\/td>\n<td id=\"right\">13,200 yenes<\/td>\n<\/tr>\n<tr>\n<td id=\"center\">Costo (clase de 90 minutos\u00d710 veces)<\/td>\n<td id=\"right\">66,000 yenes<\/td>\n<\/tr>\n<\/table>\n<\/div>\n<hr>\n<p><strong>Clase semi-privada<\/strong>(2 a 4 personas) \/ por cada persona<\/p>\n<div class=\"price-list\">\n<table>\n<tr>\n<td colspan=\"2\" id=\"center\">Matr\u00edcula (s\u00f3lo para la primera vez)<\/td>\n<td id=\"right\">13,200 yenes<\/td>\n<\/tr>\n<tr>\n<td rowspan=\"3\" id=\"center\">Costo (clase de 90 minutos\u00d710 veces)<\/td>\n<td id=\"center\">En caso de 2 personas<\/td>\n<td id=\"right\">52,800 yenes<\/td>\n<\/tr>\n<tr>\n<td id=\"center\">En caso de 3 personas<\/td>\n<td id=\"right\">46,200 yenes<\/td>\n<\/tr>\n<tr>\n<td id=\"center\">En caso de 4 personas<\/td>\n<td id=\"right\">39,600 yenes<\/td>\n<\/tr>\n<\/table>\n<\/div>\n<\/div>\n<p>* Todos los costos incluyen impuesto al consumo.<\/p>\n<!-- AddThis Advanced Settings generic via filter on the_content -->","protected":false},"excerpt":{"rendered":"<p>Transmite una forma del aplication Puede elegir un d\u00eda de la semana que sea conveniente para usted y el horari [&hellip;]<!-- AddThis Advanced Settings generic via filter on get_the_excerpt --><\/p>\n","protected":false},"author":1,"featured_media":0,"parent":4960,"menu_order":0,"comment_status":"closed","ping_status":"closed","template":"gakuinpage-es.php","meta":[],"_links":{"self":[{"href":"https:\/\/www.kobe.ywca.or.jp\/top\/wp-json\/wp\/v2\/pages\/4974"}],"collection":[{"href":"https:\/\/www.kobe.ywca.or.jp\/top\/wp-json\/wp\/v2\/pages"}],"about":[{"href":"https:\/\/www.kobe.ywca.or.jp\/top\/wp-json\/wp\/v2\/types\/page"}],"author":[{"embeddable":true,"href":"https:\/\/www.kobe.ywca.or.jp\/top\/wp-json\/wp\/v2\/users\/1"}],"replies":[{"embeddable":true,"href":"https:\/\/www.kobe.ywca.or.jp\/top\/wp-json\/wp\/v2\/comments?post=4974"}],"version-history":[{"count":10,"href":"https:\/\/www.kobe.ywca.or.jp\/top\/wp-json\/wp\/v2\/pages\/4974\/revisions"}],"predecessor-version":[{"id":10528,"href":"https:\/\/www.kobe.ywca.or.jp\/top\/wp-json\/wp\/v2\/pages\/4974\/revisions\/10528"}],"up":[{"embeddable":true,"href":"https:\/\/www.kobe.ywca.or.jp\/top\/wp-json\/wp\/v2\/pages\/4960"}],"wp:attachment":[{"href":"https:\/\/www.kobe.ywca.or.jp\/top\/wp-json\/wp\/v2\/media?parent=4974"}],"curies":[{"name":"wp","href":"https:\/\/api.w.org\/{rel}","templated":true}]}}