{"id":4965,"date":"2014-03-25T17:13:03","date_gmt":"2014-03-25T08:13:03","guid":{"rendered":"http:\/\/www.kobe.ywca.or.jp\/top\/?page_id=4965"},"modified":"2023-06-16T12:34:02","modified_gmt":"2023-06-16T03:34:02","slug":"regular","status":"publish","type":"page","link":"https:\/\/www.kobe.ywca.or.jp\/top\/spanish\/college\/japones\/regular\/","title":{"rendered":"Curso regular"},"content":{"rendered":"<p align=\"right\"><strong> <a href='https:\/\/www.kobe.ywca.or.jp\/top\/wp-content\/uploads\/2017\/06\/JSLapplicationform.pdf'>Transmite una forma del aplication<\/a><\/strong><\/p>\n<div class=\"course-menu\">\n<div id=\"photo\">\n<img src=\"https:\/\/www.kobe.ywca.or.jp\/top\/wp-content\/themes\/kobe-ywca\/img\/gakuin\/japanese\/japanese-top01.jpg\">\n<\/div>\n<div id=\"menu\">\n<ul>\n<li class=\"page_item page-item-4965\"><a href=\"https:\/\/www.kobe.ywca.or.jp\/top\/spanish\/college\/japones\/regular\/\">Curso regular<\/a><\/li>\n<li class=\"page_item page-item-4974\"><a href=\"https:\/\/www.kobe.ywca.or.jp\/top\/spanish\/college\/japones\/privado\/\">Privado \/ Semi-Privado<\/a><\/li>\n<li class=\"page_item page-item-4981\"><a href=\"https:\/\/www.kobe.ywca.or.jp\/top\/spanish\/college\/japones\/cristiana\/\">Clase de japon\u00e9s cristiana<\/a><\/li>\n<li class=\"page_item page-item-4992\"><a href=\"https:\/\/www.kobe.ywca.or.jp\/top\/spanish\/college\/japones\/jlpt\/\">Curso preparatorio para el Examen<br>de Aptitud del Idioma Japon\u00e9s<\/a><\/li>\n\n<\/ul>\n<\/div>\n<\/div>\n<div class=\"short-shadow\"><\/div>\n<p><a href=\"#beginner\"><strong>Curso inicial regular<\/a><br \/>\n<a href=\"#intermediate\">Curso intermedio regular<\/a><\/strong><\/p>\n<hr>\n<p><a name=\"beginner\"><\/a><br \/>\n<H2>Curso inicial regular<\/H2><\/p>\n<p>Recomendado para:<br \/>\n-Quienes desean aprender japon\u00e9s que se puede utilizar de inmediato<br \/>\n-Visitantes a corto plazo del exterior<br \/>\n-Quienes est\u00e1n planeando usar japon\u00e9s en el trabajo<\/p>\n<div class=\"course\">\n<div class=\"price-list\">\n<table>\n<tr>\n<td id=\"center\" valign=\"middle\">Per\u00edodo<\/td>\n<td id=\"left\">\n      Primera fase:<br \/>\n      10 de abril a 7 de julio de 2023<br \/>\n      Segunda fase:<br \/>\n      4 de septiembre a 24 de noviembre de 2023<br \/>\n      Tercera fase:<br \/>\n      4 de diciembre de 2023 a 15 de marzo de 2024\n    <\/td>\n<\/tr>\n<tr>\n<td id=\"center\">D\u00eda de clase<\/td>\n<td id=\"left\">\n      Lunes a viernes (5 d\u00edas a la semana)\n<\/td>\n<\/tr>\n<tr>\n<td id=\"center\">Horario de clase<\/td>\n<td id=\"left\">10:00 a 13:15 (clase de 45 minutos \u00d7 4)<\/td>\n<\/tr>\n<tr>\n<td id=\"center\">Matr\u00edcula<br \/>\n(s\u00f3lo para la primera vez)<\/td>\n<td id=\"left\">\n      22,000 yenes<\/td>\n<\/tr>\n<tr>\n<td id=\"center\">Costo (por periodo)<\/td>\n<td id=\"left\">232,650 yenes<\/td>\n<\/tr>\n<tr>\n<td id=\"center\">Pago en cuotas<\/td>\n<td id=\"left\">(1) 99,550 yenes (incluyendo matr\u00edcula)<br \/>\n(2) 77,550 yenes<br \/>\n(3) 77,550 yenes<\/td>\n<\/tr>\n<\/table>\n<p>El n\u00famero m\u00ednimo de estudiantes requiri\u00f3: 3<\/p>\n<div class=\"clearfloat\"><\/div>\n<\/div>\n<\/div>\n<p><a name=\"intermediate\"><\/a><br \/>\n<H2>Curso intermedio regular<\/H2><\/p>\n<p>Recomendado para:<br \/>\n-Quienes desean aprender japon\u00e9s intensificado<br \/>\n-Quienes desean elevar su nivel profesional<br \/>\n-Quienes desean mejorar su lectura y escritura<\/p>\n<div class=\"course\">\n<div class=\"price-list\">\n<table>\n<tr>\n<td id=\"center\" valign=\"middle\">Per\u00edodo<\/td>\n<td id=\"left\">\n      Primera fase:<br \/>\n      10 de abril a 7 de julio de 2023<br \/>\n      Segunda fase:<br \/>\n      4 de septiembre a 24 de noviembre de 2023<br \/>\n      Tercera fase:<br \/>\n      4 de diciembre de 2023 a 15 de marzo de 2024\n    <\/td>\n<\/tr>\n<tr>\n<td id=\"center\">D\u00eda de clase<\/td>\n<td id=\"left\">\n     Los d\u00edas de la semana se decidir\u00e1n despu\u00e9s de la consulta.\n<\/td>\n<\/tr>\n<tr>\n<td id=\"center\">Horario de clase<\/td>\n<td id=\"left\">10:00 a 13:15 (clase de 45 minutos \u00d7 4)<\/td>\n<\/tr>\n<tr>\n<td id=\"center\">Matr\u00edcula<br \/>\n(s\u00f3lo para la primera vez)<\/td>\n<td id=\"left\">\n      13,200 yenes<\/td>\n<\/tr>\n<tr>\n<td id=\"center\">Costo (por periodo)<\/td>\n<td id=\"left\">138,600 yenes<\/td>\n<\/tr>\n<tr>\n<td id=\"center\">Pago en cuotas<\/td>\n<td id=\"left\">(1) 59,400 yenes\u3000(incluyendo matr\u00edcula)<br \/>\n(2) 46,200 yenes<br \/>\n(3) 46,200 yenes<\/td>\n<\/tr>\n<\/table>\n<p>El n\u00famero m\u00ednimo de estudiantes requiri\u00f3: 4<\/p>\n<div class=\"clearfloat\"><\/div>\n<\/div>\n<\/div>\n<p><strong>Notas<\/strong><br \/>\n* Todos los costos incluyen impuesto al consumo.<br \/>\n* Los libros de texto no est\u00e1n incluidos.<br \/>\n* La clase no puede abrirse si hay estudiantes menos m\u00ednimos requeridos.<br \/>\n* En caso de pago en cuotas, le pedimos que realice el pago del importe total de matr\u00edcula en el momento del pago de la primera cuota.<br \/>\n* En todos los cursos, si su nivel coincide podr\u00e1 ingresar a mitad de curso. En ese caso, el costo se responder\u00e1 individualmente.<\/p>\n<p><!-- Go to www.addthis.com\/dashboard to customize your tools --><br \/>\n<script type=\"text\/javascript\" src=\"\/\/s7.addthis.com\/js\/300\/addthis_widget.js#pubid=ra-53e469e967fc2155\"><\/script><\/p>\n<!-- AddThis Advanced Settings generic via filter on the_content -->","protected":false},"excerpt":{"rendered":"<p>Transmite una forma del aplication Curso inicial regular Curso intermedio regular Curso inicial regular Recome [&hellip;]<!-- AddThis Advanced Settings generic via filter on get_the_excerpt --><\/p>\n","protected":false},"author":1,"featured_media":0,"parent":4960,"menu_order":0,"comment_status":"closed","ping_status":"closed","template":"gakuinpage-es.php","meta":[],"_links":{"self":[{"href":"https:\/\/www.kobe.ywca.or.jp\/top\/wp-json\/wp\/v2\/pages\/4965"}],"collection":[{"href":"https:\/\/www.kobe.ywca.or.jp\/top\/wp-json\/wp\/v2\/pages"}],"about":[{"href":"https:\/\/www.kobe.ywca.or.jp\/top\/wp-json\/wp\/v2\/types\/page"}],"author":[{"embeddable":true,"href":"https:\/\/www.kobe.ywca.or.jp\/top\/wp-json\/wp\/v2\/users\/1"}],"replies":[{"embeddable":true,"href":"https:\/\/www.kobe.ywca.or.jp\/top\/wp-json\/wp\/v2\/comments?post=4965"}],"version-history":[{"count":24,"href":"https:\/\/www.kobe.ywca.or.jp\/top\/wp-json\/wp\/v2\/pages\/4965\/revisions"}],"predecessor-version":[{"id":11963,"href":"https:\/\/www.kobe.ywca.or.jp\/top\/wp-json\/wp\/v2\/pages\/4965\/revisions\/11963"}],"up":[{"embeddable":true,"href":"https:\/\/www.kobe.ywca.or.jp\/top\/wp-json\/wp\/v2\/pages\/4960"}],"wp:attachment":[{"href":"https:\/\/www.kobe.ywca.or.jp\/top\/wp-json\/wp\/v2\/media?parent=4965"}],"curies":[{"name":"wp","href":"https:\/\/api.w.org\/{rel}","templated":true}]}}