{"id":4960,"date":"2014-03-25T16:40:54","date_gmt":"2014-03-25T07:40:54","guid":{"rendered":"http:\/\/www.kobe.ywca.or.jp\/top\/?page_id=4960"},"modified":"2020-10-30T11:48:25","modified_gmt":"2020-10-30T02:48:25","slug":"japones","status":"publish","type":"page","link":"https:\/\/www.kobe.ywca.or.jp\/top\/spanish\/college\/japones\/","title":{"rendered":"Curso de Japon\u00e9s"},"content":{"rendered":"<p align=\"right\"><strong> <a href='https:\/\/www.kobe.ywca.or.jp\/top\/wp-content\/uploads\/2017\/06\/JSLapplicationform.pdf'>Transmite una forma del aplication<\/a><\/strong><\/p>\n<div class=\"course-menu\">\n<div id=\"photo\">\n<img src=\"https:\/\/www.kobe.ywca.or.jp\/top\/wp-content\/themes\/kobe-ywca\/img\/gakuin\/japanese\/japanese-top01.jpg\">\n<\/div>\n<div id=\"menu\">\n<ul>\n<li class=\"page_item page-item-4965\"><a href=\"https:\/\/www.kobe.ywca.or.jp\/top\/spanish\/college\/japones\/regular\/\">Curso regular<\/a><\/li>\n<li class=\"page_item page-item-4974\"><a href=\"https:\/\/www.kobe.ywca.or.jp\/top\/spanish\/college\/japones\/privado\/\">Privado \/ Semi-Privado<\/a><\/li>\n<li class=\"page_item page-item-4981\"><a href=\"https:\/\/www.kobe.ywca.or.jp\/top\/spanish\/college\/japones\/cristiana\/\">Clase de japon\u00e9s cristiana<\/a><\/li>\n<li class=\"page_item page-item-4992\"><a href=\"https:\/\/www.kobe.ywca.or.jp\/top\/spanish\/college\/japones\/jlpt\/\">Curso preparatorio para el Examen<br>de Aptitud del Idioma Japon\u00e9s<\/a><\/li>\n\n<\/ul>\n<\/div>\n<\/div>\n<div class=\"short-shadow\"><\/div>\n<div class=\"gakuin-textarea\">\nPuede aprender japon\u00e9s como estos:<\/p>\n<div class=\"nihongoclass\">\n&#8211; Japon\u00e9s que se puede utilizar inmediatamente en la vida<br \/>\n&#8211; Japon\u00e9s para hablar con una mente abierta con los japoneses<br \/>\n&#8211; Japon\u00e9s para estudiar en la escuela de Jap\u00f3n<br \/>\n&#8211; Japon\u00e9s que se puede utilizar en el trabajo\n<\/div>\n<\/div>\n<div class=\"gakuin-textarea\">\nPuede estudiar en una clase como \u00e9sta:<\/p>\n<div class=\"nihongoclass\">\n&#8211; Plan de estudio eficaz bien programado<br \/>\n&#8211; Contenido de clase comprensible dado por profesor veterano<br \/>\n&#8211; Ambiente de clase alegre y divertido\u3000<br \/>\n&#8211; Clase peque\u00f1a donde se puede hacer preguntas en cualquier momento\n<\/div>\n<\/div>\n<div class=\"gakuin-textarea\">\n<img src=\"https:\/\/www.kobe.ywca.or.jp\/top\/wp-content\/themes\/kobe-ywca\/img\/gakuin\/japanese\/japanesetop01.jpg\" align=\"right\"><\/p>\n<p>\u00a1Oportunidad de conversar en japon\u00e9s!<\/p>\n<p><strong>\u201cCompa\u00f1ero de conversaci\u00f3n\u201d y \u201cCaf\u00e9 waiwai\u201d<\/strong><\/p>\n<p>\u201cInterlocutor\u201d donde se estudia junto con los estudiantes del Curso Preparatorio de Profesor de Japon\u00e9s<\/p>\n<p>\u00a1En la hora de descanso, todos juntos comen el almuerzo alegremente en el lobby!\u3000\u2028Les invitamos a estudiar alegremente el idioma japon\u00e9s.\n<\/p><\/div>\n<div class=\"first\">\n<h2 class=\"center\">En Kobe YWCA<\/h2>\n<p>Pueden aprender japon\u00e9s junto con personas de diversos pa\u00edses.<br \/>\nNo se limita a estudiar para el ingreso a la universidad.<br \/>\nPor eso, pueden aprender japon\u00e9s pr\u00e1ctico para usar de inmediato en la vida.<br \/>\nCualquier necesidad, como la conversaci\u00f3n, estudio de la Biblia, estudio de kanji; podemos adaptar a su objetivo respondiendo de forma flexible.<br \/>\nKobe YWCA, tiene conocimiento pr\u00e1ctico de la educaci\u00f3n japonesa apilada casi 40 a\u00f1os.<br \/>\nLas personas que estudian por primera vez, hablar en japon\u00e9s se convierte en diversi\u00f3n.<br \/>\nLas personas que han estudiado antes, podr\u00e1n sentir el aumento del nivel de japon\u00e9s.\n<\/p><\/div>\n<!-- AddThis Advanced Settings generic via filter on the_content -->","protected":false},"excerpt":{"rendered":"<p>Transmite una forma del aplication Puede aprender japon\u00e9s como estos: &#8211; Japon\u00e9s que se puede utilizar in [&hellip;]<!-- AddThis Advanced Settings generic via filter on get_the_excerpt --><\/p>\n","protected":false},"author":1,"featured_media":0,"parent":4955,"menu_order":0,"comment_status":"closed","ping_status":"closed","template":"gakuinpage-es.php","meta":[],"_links":{"self":[{"href":"https:\/\/www.kobe.ywca.or.jp\/top\/wp-json\/wp\/v2\/pages\/4960"}],"collection":[{"href":"https:\/\/www.kobe.ywca.or.jp\/top\/wp-json\/wp\/v2\/pages"}],"about":[{"href":"https:\/\/www.kobe.ywca.or.jp\/top\/wp-json\/wp\/v2\/types\/page"}],"author":[{"embeddable":true,"href":"https:\/\/www.kobe.ywca.or.jp\/top\/wp-json\/wp\/v2\/users\/1"}],"replies":[{"embeddable":true,"href":"https:\/\/www.kobe.ywca.or.jp\/top\/wp-json\/wp\/v2\/comments?post=4960"}],"version-history":[{"count":12,"href":"https:\/\/www.kobe.ywca.or.jp\/top\/wp-json\/wp\/v2\/pages\/4960\/revisions"}],"predecessor-version":[{"id":9380,"href":"https:\/\/www.kobe.ywca.or.jp\/top\/wp-json\/wp\/v2\/pages\/4960\/revisions\/9380"}],"up":[{"embeddable":true,"href":"https:\/\/www.kobe.ywca.or.jp\/top\/wp-json\/wp\/v2\/pages\/4955"}],"wp:attachment":[{"href":"https:\/\/www.kobe.ywca.or.jp\/top\/wp-json\/wp\/v2\/media?parent=4960"}],"curies":[{"name":"wp","href":"https:\/\/api.w.org\/{rel}","templated":true}]}}